{"id":193,"date":"2017-02-26T11:18:17","date_gmt":"2017-02-26T11:18:17","guid":{"rendered":"https:\/\/advocaciacarlosaraujo.com.br\/?page_id=193"},"modified":"2021-01-27T11:35:28","modified_gmt":"2021-01-27T14:35:28","slug":"our-services","status":"publish","type":"page","link":"https:\/\/advocaciacarlosaraujo.com.br\/index.php\/our-services\/","title":{"rendered":"\u00c1reas de Atua\u00e7\u00e3o"},"content":{"rendered":"<p>[vc_row full_width=&#8221;stretch_row&#8221; css=&#8221;.vc_custom_1488107618977{background-color: #fafafa !important;}&#8221;][vc_column]<div id=\"sc_services_101891207\" class=\"sc_services sc_services_default sc_services_featured_top\"><h1 class=\"sc_item_title sc_services_title sc_align_center sc_item_title_style_custom_image sc_item_title_tag\">\u00c1reas de Atua\u00e7\u00e3o<\/h1><div class=\"sc_item_descr sc_services_descr sc_align_center\"><p>Atuamos em diversas \u00e1reas para poder te auxiliar.<\/p>\n<\/div><div class=\"sc_services_columns sc_item_columns sc_item_columns_4 trx_addons_columns_wrap columns_padding_bottom\"><div class=\"trx_addons_column-1_4\"><div class=\"sc_services_item with_content with_icon sc_services_item_featured_top\">\n\t<a href=\"https:\/\/advocaciacarlosaraujo.com.br\/index.php\/services\/direito-empresarial\/\"\n\t\t\t id=\"sc_services_101891207_icon-picture\"\n\t\t\t class=\"sc_services_item_icon icon-picture\"\n\t\t\t ><\/a>\t\n\t<div class=\"sc_services_item_info\">\n\t\t<div class=\"sc_services_item_header\">\n\t\t\t<h4 class=\"sc_services_item_title\"><a href=\"https:\/\/advocaciacarlosaraujo.com.br\/index.php\/services\/direito-empresarial\/\">Direito Empresarial<\/a><\/h4>\n\t\t\t<div class=\"sc_services_item_subtitle\"><a href=\"https:\/\/advocaciacarlosaraujo.com.br\/index.php\/services_group\/area-de-atuacao\/\" title=\"View all posts in \u00c1rea de Atua\u00e7\u00e3o\">\u00c1rea de Atua\u00e7\u00e3o<\/a><\/div>\n\t\t<\/div>\n\t\t\t\t\t<div class=\"sc_services_item_content\"><p>Saiba mais.<\/p>\n<\/div>\n                            <span class=\"sc_services_dot\"><\/span>\n            <span class=\"sc_services_dot\"><\/span>\n            <span class=\"sc_services_dot\"><\/span>\n\n\t\t\t<\/div>\n<\/div>\n<\/div><div class=\"trx_addons_column-1_4\"><div class=\"sc_services_item with_content with_icon sc_services_item_featured_top\">\n\t<a href=\"https:\/\/advocaciacarlosaraujo.com.br\/index.php\/services\/direito-civil\/\"\n\t\t\t id=\"sc_services_101891207_icon-clock\"\n\t\t\t class=\"sc_services_item_icon icon-clock\"\n\t\t\t ><\/a>\t\n\t<div class=\"sc_services_item_info\">\n\t\t<div class=\"sc_services_item_header\">\n\t\t\t<h4 class=\"sc_services_item_title\"><a href=\"https:\/\/advocaciacarlosaraujo.com.br\/index.php\/services\/direito-civil\/\">Direito Civil<\/a><\/h4>\n\t\t\t<div class=\"sc_services_item_subtitle\"><a href=\"https:\/\/advocaciacarlosaraujo.com.br\/index.php\/services_group\/area-de-atuacao\/\" title=\"View all posts in \u00c1rea de Atua\u00e7\u00e3o\">\u00c1rea de Atua\u00e7\u00e3o<\/a><\/div>\n\t\t<\/div>\n\t\t\t\t\t<div class=\"sc_services_item_content\"><p>Saiba mais.<\/p>\n<\/div>\n                            <span class=\"sc_services_dot\"><\/span>\n            <span class=\"sc_services_dot\"><\/span>\n            <span class=\"sc_services_dot\"><\/span>\n\n\t\t\t<\/div>\n<\/div>\n<\/div><div class=\"trx_addons_column-1_4\"><div class=\"sc_services_item with_content with_icon sc_services_item_featured_top\">\n\t<a href=\"https:\/\/advocaciacarlosaraujo.com.br\/index.php\/services\/direito-do-trabalho\/\"\n\t\t\t id=\"sc_services_101891207_icon-statement\"\n\t\t\t class=\"sc_services_item_icon icon-statement\"\n\t\t\t ><\/a>\t\n\t<div class=\"sc_services_item_info\">\n\t\t<div class=\"sc_services_item_header\">\n\t\t\t<h4 class=\"sc_services_item_title\"><a href=\"https:\/\/advocaciacarlosaraujo.com.br\/index.php\/services\/direito-do-trabalho\/\">Direito do Trabalho<\/a><\/h4>\n\t\t\t<div class=\"sc_services_item_subtitle\"><a href=\"https:\/\/advocaciacarlosaraujo.com.br\/index.php\/services_group\/area-de-atuacao\/\" title=\"View all posts in \u00c1rea de Atua\u00e7\u00e3o\">\u00c1rea de Atua\u00e7\u00e3o<\/a><\/div>\n\t\t<\/div>\n\t\t\t\t\t<div class=\"sc_services_item_content\"><p>Saiba mais.<\/p>\n<\/div>\n                            <span class=\"sc_services_dot\"><\/span>\n            <span class=\"sc_services_dot\"><\/span>\n            <span class=\"sc_services_dot\"><\/span>\n\n\t\t\t<\/div>\n<\/div>\n<\/div><div class=\"trx_addons_column-1_4\"><div class=\"sc_services_item with_content with_icon sc_services_item_featured_top\">\n\t<a href=\"https:\/\/advocaciacarlosaraujo.com.br\/index.php\/services\/direito-administrativo\/\"\n\t\t\t id=\"sc_services_101891207_icon-brush\"\n\t\t\t class=\"sc_services_item_icon icon-brush\"\n\t\t\t ><\/a>\t\n\t<div class=\"sc_services_item_info\">\n\t\t<div class=\"sc_services_item_header\">\n\t\t\t<h4 class=\"sc_services_item_title\"><a href=\"https:\/\/advocaciacarlosaraujo.com.br\/index.php\/services\/direito-administrativo\/\">Direito Administrativo<\/a><\/h4>\n\t\t\t<div class=\"sc_services_item_subtitle\"><a href=\"https:\/\/advocaciacarlosaraujo.com.br\/index.php\/services_group\/area-de-atuacao\/\" title=\"View all posts in \u00c1rea de Atua\u00e7\u00e3o\">\u00c1rea de Atua\u00e7\u00e3o<\/a><\/div>\n\t\t<\/div>\n\t\t\t\t\t<div class=\"sc_services_item_content\"><p>Saiba mais.<\/p>\n<\/div>\n                            <span class=\"sc_services_dot\"><\/span>\n            <span class=\"sc_services_dot\"><\/span>\n            <span class=\"sc_services_dot\"><\/span>\n\n\t\t\t<\/div>\n<\/div>\n<\/div><div class=\"trx_addons_column-1_4\"><div class=\"sc_services_item with_content with_icon sc_services_item_featured_top\">\n\t<a href=\"https:\/\/advocaciacarlosaraujo.com.br\/index.php\/services\/direito-comercial\/\"\n\t\t\t id=\"sc_services_101891207_icon-libra\"\n\t\t\t class=\"sc_services_item_icon icon-libra\"\n\t\t\t ><\/a>\t\n\t<div class=\"sc_services_item_info\">\n\t\t<div class=\"sc_services_item_header\">\n\t\t\t<h4 class=\"sc_services_item_title\"><a href=\"https:\/\/advocaciacarlosaraujo.com.br\/index.php\/services\/direito-comercial\/\">Direito Comercial<\/a><\/h4>\n\t\t\t<div class=\"sc_services_item_subtitle\"><a href=\"https:\/\/advocaciacarlosaraujo.com.br\/index.php\/services_group\/area-de-atuacao\/\" title=\"View all posts in \u00c1rea de Atua\u00e7\u00e3o\">\u00c1rea de Atua\u00e7\u00e3o<\/a><\/div>\n\t\t<\/div>\n\t\t\t\t\t<div class=\"sc_services_item_content\"><p>Saiba mais.<\/p>\n<\/div>\n                            <span class=\"sc_services_dot\"><\/span>\n            <span class=\"sc_services_dot\"><\/span>\n            <span class=\"sc_services_dot\"><\/span>\n\n\t\t\t<\/div>\n<\/div>\n<\/div><div class=\"trx_addons_column-1_4\"><div class=\"sc_services_item with_content with_icon sc_services_item_featured_top\">\n\t<a href=\"https:\/\/advocaciacarlosaraujo.com.br\/index.php\/services\/direito-do-consumidor\/\"\n\t\t\t id=\"sc_services_101891207_icon-police-badge\"\n\t\t\t class=\"sc_services_item_icon icon-police-badge\"\n\t\t\t ><\/a>\t\n\t<div class=\"sc_services_item_info\">\n\t\t<div class=\"sc_services_item_header\">\n\t\t\t<h4 class=\"sc_services_item_title\"><a href=\"https:\/\/advocaciacarlosaraujo.com.br\/index.php\/services\/direito-do-consumidor\/\">Direito do Consumidor<\/a><\/h4>\n\t\t\t<div class=\"sc_services_item_subtitle\"><a href=\"https:\/\/advocaciacarlosaraujo.com.br\/index.php\/services_group\/area-de-atuacao\/\" title=\"View all posts in \u00c1rea de Atua\u00e7\u00e3o\">\u00c1rea de Atua\u00e7\u00e3o<\/a><\/div>\n\t\t<\/div>\n\t\t\t\t\t<div class=\"sc_services_item_content\"><p>Saiba mais.<\/p>\n<\/div>\n                            <span class=\"sc_services_dot\"><\/span>\n            <span class=\"sc_services_dot\"><\/span>\n            <span class=\"sc_services_dot\"><\/span>\n\n\t\t\t<\/div>\n<\/div>\n<\/div><div class=\"trx_addons_column-1_4\"><div class=\"sc_services_item with_content with_icon sc_services_item_featured_top\">\n\t<a href=\"https:\/\/advocaciacarlosaraujo.com.br\/index.php\/services\/direito-constitucional\/\"\n\t\t\t id=\"sc_services_101891207_icon-portfolio\"\n\t\t\t class=\"sc_services_item_icon icon-portfolio\"\n\t\t\t ><\/a>\t\n\t<div class=\"sc_services_item_info\">\n\t\t<div class=\"sc_services_item_header\">\n\t\t\t<h4 class=\"sc_services_item_title\"><a href=\"https:\/\/advocaciacarlosaraujo.com.br\/index.php\/services\/direito-constitucional\/\">Direito Constitucional<\/a><\/h4>\n\t\t\t<div class=\"sc_services_item_subtitle\"><a href=\"https:\/\/advocaciacarlosaraujo.com.br\/index.php\/services_group\/area-de-atuacao\/\" title=\"View all posts in \u00c1rea de Atua\u00e7\u00e3o\">\u00c1rea de Atua\u00e7\u00e3o<\/a><\/div>\n\t\t<\/div>\n\t\t\t\t\t<div class=\"sc_services_item_content\"><p>Saiba mais.<\/p>\n<\/div>\n                            <span class=\"sc_services_dot\"><\/span>\n            <span class=\"sc_services_dot\"><\/span>\n            <span class=\"sc_services_dot\"><\/span>\n\n\t\t\t<\/div>\n<\/div>\n<\/div><div class=\"trx_addons_column-1_4\"><div class=\"sc_services_item with_content with_icon sc_services_item_featured_top\">\n\t<a href=\"https:\/\/advocaciacarlosaraujo.com.br\/index.php\/services\/direito-tributario\/\"\n\t\t\t id=\"sc_services_101891207_icon-judge\"\n\t\t\t class=\"sc_services_item_icon icon-judge\"\n\t\t\t ><\/a>\t\n\t<div class=\"sc_services_item_info\">\n\t\t<div class=\"sc_services_item_header\">\n\t\t\t<h4 class=\"sc_services_item_title\"><a href=\"https:\/\/advocaciacarlosaraujo.com.br\/index.php\/services\/direito-tributario\/\">Direito Tribut\u00e1rio<\/a><\/h4>\n\t\t\t<div class=\"sc_services_item_subtitle\"><a href=\"https:\/\/advocaciacarlosaraujo.com.br\/index.php\/services_group\/area-de-atuacao\/\" title=\"View all posts in \u00c1rea de Atua\u00e7\u00e3o\">\u00c1rea de Atua\u00e7\u00e3o<\/a><\/div>\n\t\t<\/div>\n\t\t\t\t\t<div class=\"sc_services_item_content\"><p>Saiba mais.<\/p>\n<\/div>\n                            <span class=\"sc_services_dot\"><\/span>\n            <span class=\"sc_services_dot\"><\/span>\n            <span class=\"sc_services_dot\"><\/span>\n\n\t\t\t<\/div>\n<\/div>\n<\/div><\/div><\/div><!-- \/.sc_services -->[vc_empty_space height=&#8221;2.5em&#8221; alter_height=&#8221;none&#8221; hide_on_mobile=&#8221;&#8221;][vc_empty_space alter_height=&#8221;large&#8221; hide_on_mobile=&#8221;1&#8243;][\/vc_column][\/vc_row]<\/p>\n","protected":false},"excerpt":{"rendered":"<p>[vc_row full_width=&#8221;stretch_row&#8221; css=&#8221;.vc_custom_1488107618977{background-color: #fafafa !important;}&#8221;][vc_column][vc_empty_space height=&#8221;2.5em&#8221; alter_height=&#8221;none&#8221; hide_on_mobile=&#8221;&#8221;][vc_empty_space alter_height=&#8221;large&#8221; hide_on_mobile=&#8221;1&#8243;][\/vc_column][\/vc_row]<\/p>\n","protected":false},"author":1,"featured_media":0,"parent":0,"menu_order":0,"comment_status":"closed","ping_status":"closed","template":"","meta":{"footnotes":""},"class_list":["post-193","page","type-page","status-publish","hentry"],"_links":{"self":[{"href":"https:\/\/advocaciacarlosaraujo.com.br\/index.php\/wp-json\/wp\/v2\/pages\/193","targetHints":{"allow":["GET"]}}],"collection":[{"href":"https:\/\/advocaciacarlosaraujo.com.br\/index.php\/wp-json\/wp\/v2\/pages"}],"about":[{"href":"https:\/\/advocaciacarlosaraujo.com.br\/index.php\/wp-json\/wp\/v2\/types\/page"}],"author":[{"embeddable":true,"href":"https:\/\/advocaciacarlosaraujo.com.br\/index.php\/wp-json\/wp\/v2\/users\/1"}],"replies":[{"embeddable":true,"href":"https:\/\/advocaciacarlosaraujo.com.br\/index.php\/wp-json\/wp\/v2\/comments?post=193"}],"version-history":[{"count":4,"href":"https:\/\/advocaciacarlosaraujo.com.br\/index.php\/wp-json\/wp\/v2\/pages\/193\/revisions"}],"predecessor-version":[{"id":852,"href":"https:\/\/advocaciacarlosaraujo.com.br\/index.php\/wp-json\/wp\/v2\/pages\/193\/revisions\/852"}],"wp:attachment":[{"href":"https:\/\/advocaciacarlosaraujo.com.br\/index.php\/wp-json\/wp\/v2\/media?parent=193"}],"curies":[{"name":"wp","href":"https:\/\/api.w.org\/{rel}","templated":true}]}}