{"id":200,"date":"2017-02-26T11:39:38","date_gmt":"2017-02-26T11:39:38","guid":{"rendered":"https:\/\/advocaciacarlosaraujo.com.br\/?page_id=200"},"modified":"2021-01-27T11:29:50","modified_gmt":"2021-01-27T14:29:50","slug":"about-the-company","status":"publish","type":"page","link":"https:\/\/advocaciacarlosaraujo.com.br\/index.php\/about-the-company\/","title":{"rendered":"Estrutura"},"content":{"rendered":"<p>[vc_row full_width=&#8221;stretch_row&#8221; css=&#8221;.vc_custom_1488108550402{background-color: #f7f7f7 !important;}&#8221;][vc_column][vc_empty_space height=&#8221;3em&#8221; alter_height=&#8221;none&#8221; hide_on_mobile=&#8221;&#8221;][vc_empty_space height=&#8221;0.55em&#8221; alter_height=&#8221;none&#8221; hide_on_mobile=&#8221;1&#8243;][vc_empty_space height=&#8221;3em&#8221; alter_height=&#8221;big&#8221; hide_on_mobile=&#8221;1&#8243;]<div  id=\"sc_promo_1925102015\" \n\tclass=\"sc_promo sc_promo_default sc_promo_size_normal sc_promo_no_paddings sc_promo_image_position_left\"><div class=\"sc_promo_image\" style=\"background-image:url(https:\/\/advocaciacarlosaraujo.com.br\/wp-content\/uploads\/2021\/01\/imagem1.jpg);width:50%;left: 0;\"><\/div><div class=\"sc_promo_text\" style=\"width: 50%;float: right;\">\n\t\t\t<div class=\"sc_promo_text_inner\" style=\"\"><div class=\"sc_promo_content sc_item_content\"><div id=\"sc_title_404263343\"\n\t\tclass=\"sc_title sc_title_default\"><h1 class=\"sc_item_title sc_title_title sc_align_left sc_item_title_style_default sc_item_title_tag\">Advocacia Carlos Ara\u00fajo<\/h1><div class=\"sc_item_descr sc_title_descr sc_align_left\"><p>- Ocupa\u00e7\u00e3o de 01 (um) andar todo com 324 m2 de \u00e1rea \u00fatil;<br \/>\n- 08 (oito) impressoras, 2 (duas) m\u00e1quinas fotocopiadoras;<br \/>\n- 01( uma) recep\u00e7\u00e3o, 1( uma) mini-copa, 1(uma) sala de reuni\u00e3o com 8 lugares,<br \/>\n- 1 (uma) biblioteca com mais de 1 exemplares entre livros e peri\u00f3dicos;<br \/>\n- 04 (quatro) linhas telef\u00f4nicas fixas, sendo 1 (uma) exclusiva para fax;<br \/>\n- 06 (seis) salas, sendo 1(uma) para o administrativo-financeiro, 2( duas) destinadas a arquivos, 1 (uma) para o CPD com com 4 (quatro) esta\u00e7\u00f5es de trabalho para estagi\u00e1rios, e 2 (duas) amplas salas, com 10(dez) esta\u00e7\u00f5es de trabalho ao todo;<br \/>\n- 10 (dez) microcomputadores: 01(um) exclusivo como servidor, 07 (sete) pessoais fixos e 03 (tr\u00eas) pessoais port\u00e1teis, todos ligados em rede local e a Internet com conex\u00e3o de alta velocidade.<\/p>\n<\/div><\/div><!-- \/.sc_title -->[vc_empty_space height=&#8221;1.2em&#8221; alter_height=&#8221;none&#8221; hide_on_mobile=&#8221;&#8221;]<\/div><\/div>\n\t\t<\/div><!-- \/.sc_promo_text --><\/div><!-- \/.sc_promo -->[vc_empty_space height=&#8221;3em&#8221; alter_height=&#8221;none&#8221; hide_on_mobile=&#8221;&#8221;][vc_empty_space height=&#8221;0.55em&#8221; alter_height=&#8221;none&#8221; hide_on_mobile=&#8221;1&#8243;][vc_empty_space height=&#8221;3em&#8221; alter_height=&#8221;big&#8221; hide_on_mobile=&#8221;1&#8243;][vc_media_grid grid_id=&#8221;vc_gid:1611757747516-fde10e3808817f4f7addd4c9840cce33-8&#8243; include=&#8221;782,781,780,779,778,777,771,772,773,774,775,776,770,769,768&#8243;][\/vc_column][\/vc_row][vc_row][vc_column][vc_gallery type=&#8221;image_grid&#8221; images=&#8221;782,781,780,779,778,777,771,772,773,774,775,776,770,769,768&#8243;][\/vc_column][\/vc_row][vc_row][vc_column][vc_separator][\/vc_column][\/vc_row]<\/p>\n","protected":false},"excerpt":{"rendered":"<p>[vc_row full_width=&#8221;stretch_row&#8221; css=&#8221;.vc_custom_1488108550402{background-color: #f7f7f7 !important;}&#8221;][vc_column][vc_empty_space height=&#8221;3em&#8221; alter_height=&#8221;none&#8221; hide_on_mobile=&#8221;&#8221;][vc_empty_space height=&#8221;0.55em&#8221; alter_height=&#8221;none&#8221; hide_on_mobile=&#8221;1&#8243;][vc_empty_space height=&#8221;3em&#8221; alter_height=&#8221;big&#8221; hide_on_mobile=&#8221;1&#8243;][vc_empty_space height=&#8221;3em&#8221; alter_height=&#8221;none&#8221; hide_on_mobile=&#8221;&#8221;][vc_empty_space height=&#8221;0.55em&#8221; alter_height=&#8221;none&#8221; hide_on_mobile=&#8221;1&#8243;][vc_empty_space height=&#8221;3em&#8221; alter_height=&#8221;big&#8221; hide_on_mobile=&#8221;1&#8243;][vc_media_grid grid_id=&#8221;vc_gid:1611757747516-fde10e3808817f4f7addd4c9840cce33-8&#8243; include=&#8221;782,781,780,779,778,777,771,772,773,774,775,776,770,769,768&#8243;][\/vc_column][\/vc_row][vc_row][vc_column][vc_gallery type=&#8221;image_grid&#8221; images=&#8221;782,781,780,779,778,777,771,772,773,774,775,776,770,769,768&#8243;][\/vc_column][\/vc_row][vc_row][vc_column][vc_separator][\/vc_column][\/vc_row]<\/p>\n","protected":false},"author":1,"featured_media":0,"parent":0,"menu_order":0,"comment_status":"closed","ping_status":"closed","template":"","meta":{"footnotes":""},"class_list":["post-200","page","type-page","status-publish","hentry"],"_links":{"self":[{"href":"https:\/\/advocaciacarlosaraujo.com.br\/index.php\/wp-json\/wp\/v2\/pages\/200","targetHints":{"allow":["GET"]}}],"collection":[{"href":"https:\/\/advocaciacarlosaraujo.com.br\/index.php\/wp-json\/wp\/v2\/pages"}],"about":[{"href":"https:\/\/advocaciacarlosaraujo.com.br\/index.php\/wp-json\/wp\/v2\/types\/page"}],"author":[{"embeddable":true,"href":"https:\/\/advocaciacarlosaraujo.com.br\/index.php\/wp-json\/wp\/v2\/users\/1"}],"replies":[{"embeddable":true,"href":"https:\/\/advocaciacarlosaraujo.com.br\/index.php\/wp-json\/wp\/v2\/comments?post=200"}],"version-history":[{"count":13,"href":"https:\/\/advocaciacarlosaraujo.com.br\/index.php\/wp-json\/wp\/v2\/pages\/200\/revisions"}],"predecessor-version":[{"id":850,"href":"https:\/\/advocaciacarlosaraujo.com.br\/index.php\/wp-json\/wp\/v2\/pages\/200\/revisions\/850"}],"wp:attachment":[{"href":"https:\/\/advocaciacarlosaraujo.com.br\/index.php\/wp-json\/wp\/v2\/media?parent=200"}],"curies":[{"name":"wp","href":"https:\/\/api.w.org\/{rel}","templated":true}]}}